{"id":128,"date":"2018-03-12T11:04:31","date_gmt":"2018-03-12T10:04:31","guid":{"rendered":"http:\/\/www.virginie-repare.fr\/?page_id=128"},"modified":"2018-03-12T13:48:56","modified_gmt":"2018-03-12T12:48:56","slug":"mentions-legales","status":"publish","type":"page","link":"https:\/\/www.virginie-repare.fr\/index.php\/mentions-legales\/","title":{"rendered":"mentions l\u00e9gales"},"content":{"rendered":"<p>[et_pb_section bb_built=\u00a0\u00bb1&Prime; next_background_color=\u00a0\u00bbrgba(57,219,216,0.39)\u00a0\u00bb][et_pb_row][et_pb_column type=\u00a0\u00bb4_4&Prime;][et_pb_text _builder_version=\u00a0\u00bb3.0.105&Prime; background_layout=\u00a0\u00bblight\u00a0\u00bb text_font=\u00a0\u00bbArial||||||||\u00a0\u00bb text_line_height=\u00a0\u00bb1.4em\u00a0\u00bb]<\/p>\n<p><strong>MENTIONS L\u00c9GALES<\/strong><\/p>\n<p>Confidentialit\u00e9<\/p>\n<p>ruisseau virginie n&rsquo;enregistre pas d&rsquo;informations personnelles permettant l&rsquo;identification, \u00e0 l&rsquo;exception des formulaires que l&rsquo;utilisateur est libre de remplir. Ces informations ne seront pas utilis\u00e9es sans votre accord, nous les utiliserons seulement pour vous adresser des courriers, des brochures, des devis ou vous contacter.<\/p>\n<p>Les informations recueillies sur les sites b\u00e9n\u00e9ficient de la protection de la loi \u00ab\u00a0Informatique et Libert\u00e9s\u00a0\u00bb n\u00b0 78-17 du 06 janvier 1978. Elles b\u00e9n\u00e9ficient d&rsquo;un droit d&rsquo;acc\u00e8s, de rectification, d&rsquo;opposition \u00e0 communication et de suppression sur simple demande \u00e0 ruisseau virginie, 6 rue des lilas, 62138 haisnes.<\/p>\n<p>ruisseau virginie pourra proc\u00e9der \u00e0 des analyses statistiques sans que celles-ci soient nominatives et pourra en informer des tiers (organismes d&rsquo;\u00e9valuation de fr\u00e9quentation) sous une forme r\u00e9sum\u00e9e et non nominative.<\/p>\n<p>Liens hypertexte<\/p>\n<p>ruisseau virginie ne contr\u00f4le pas les sites en connexion avec le sien, et ne saurait donc \u00eatre responsable de leur contenu. Les risques li\u00e9s \u00e0 l&rsquo;utilisation de ces sites incombent pleinement \u00e0 l&rsquo;utilisateur. Il se conformera \u00e0 leurs conditions d&rsquo;utilisation.<\/p>\n<p>\u00c9diteur<\/p>\n<p>ruisseau virginie<br \/>\nRCS haisnes : 813770053400010<br \/>\nSi\u00e8ge social : 6 rue des lilas, 62138 haisnes.<br \/>\nN\u00b0 de t\u00e9l\u00e9phone : 0681032940<br \/>\nE-mail : virginierepare@orange.fr<\/p>\n<p>Directeur de la publication<\/p>\n<p>Ruisseau Virginie<\/p>\n<p>H\u00e9bergement<\/p>\n<p>Centre serveur : OVH<\/p>\n<p>SAS au capital de 10 000 000\u20ac<\/p>\n<p>2 rue Kellermann &#8211; 59100 Roubaix &#8211; France.<\/p>\n<p>T\u00e9l\u00e9phone\u00a0: 0\u00a0820\u00a0698 765<\/p>\n<p>Num\u00e9ro de d\u00e9claration CNIL\u00a0: xxxxxxxxxx. D\u00e9clarer votre fichier clients-prospects sur le site de la CNIL (Commission Nationale de l\u2019Informatique et des Libert\u00e9s). Consultez le tutoriel sur le Bgeclub, rubrique Boite \u00e0 outils _ Gestion commerciale.<\/p>\n<p>[\/et_pb_text][\/et_pb_column][\/et_pb_row][\/et_pb_section][et_pb_section bb_built=\u00a0\u00bb1&Prime; fullwidth=\u00a0\u00bboff\u00a0\u00bb specialty=\u00a0\u00bboff\u00a0\u00bb _builder_version=\u00a0\u00bb3.0.105&Prime; background_color=\u00a0\u00bbrgba(57,219,216,0.39)\u00a0\u00bb prev_background_color=\u00a0\u00bb#ffffff\u00a0\u00bb][et_pb_row][et_pb_column type=\u00a0\u00bb1_3&Prime;][et_pb_text _builder_version=\u00a0\u00bb3.0.105&Prime; background_layout=\u00a0\u00bblight\u00a0\u00bb]<\/p>\n<p>Virginie R\u00e9pare<\/p>\n<p>6 rue des lilas<\/p>\n<p>62138 Haisnes<\/p>\n<p>Tel : 0681032940<\/p>\n<p>[\/et_pb_text][\/et_pb_column][et_pb_column type=\u00a0\u00bb1_3&Prime;][et_pb_image _builder_version=\u00a0\u00bb3.0.105&Prime; src=\u00a0\u00bbhttps:\/\/www.virginie-repare.fr\/wp-content\/uploads\/2018\/03\/Logo-Captain-Repair-1.png\u00a0\u00bb show_in_lightbox=\u00a0\u00bboff\u00a0\u00bb url_new_window=\u00a0\u00bboff\u00a0\u00bb use_overlay=\u00a0\u00bboff\u00a0\u00bb always_center_on_mobile=\u00a0\u00bbon\u00a0\u00bb force_fullwidth=\u00a0\u00bboff\u00a0\u00bb show_bottom_space=\u00a0\u00bbon\u00a0\u00bb \/][\/et_pb_column][et_pb_column type=\u00a0\u00bb1_3&Prime;][et_pb_social_media_follow _builder_version=\u00a0\u00bb3.0.105&Prime; url_new_window=\u00a0\u00bboff\u00a0\u00bb follow_button=\u00a0\u00bboff\u00a0\u00bb background_layout=\u00a0\u00bblight\u00a0\u00bb][et_pb_social_media_follow_network _builder_version=\u00a0\u00bb3.0.105&Prime; social_network=\u00a0\u00bbfacebook\u00a0\u00bb skype_action=\u00a0\u00bbcall\u00a0\u00bb url=\u00a0\u00bbhttps:\/\/www.facebook.com\/virginierepare\u00a0\u00bb background_color=\u00a0\u00bb#3b5998&Prime; use_background_color_gradient=\u00a0\u00bboff\u00a0\u00bb background_color_gradient_start=\u00a0\u00bb#2b87da\u00a0\u00bb background_color_gradient_end=\u00a0\u00bb#29c4a9&Prime; background_color_gradient_type=\u00a0\u00bblinear\u00a0\u00bb background_color_gradient_direction=\u00a0\u00bb180deg\u00a0\u00bb background_color_gradient_direction_radial=\u00a0\u00bbcenter\u00a0\u00bb background_color_gradient_start_position=\u00a0\u00bb0%\u00a0\u00bb background_color_gradient_end_position=\u00a0\u00bb100%\u00a0\u00bb background_color_gradient_overlays_image=\u00a0\u00bboff\u00a0\u00bb parallax=\u00a0\u00bboff\u00a0\u00bb parallax_method=\u00a0\u00bbon\u00a0\u00bb background_size=\u00a0\u00bbcover\u00a0\u00bb background_position=\u00a0\u00bbcenter\u00a0\u00bb background_repeat=\u00a0\u00bbno-repeat\u00a0\u00bb background_blend=\u00a0\u00bbnormal\u00a0\u00bb allow_player_pause=\u00a0\u00bboff\u00a0\u00bb background_video_pause_outside_viewport=\u00a0\u00bbon\u00a0\u00bb box_shadow_style=\u00a0\u00bbnone\u00a0\u00bb] Facebook [\/et_pb_social_media_follow_network][et_pb_social_media_follow_network _builder_version=\u00a0\u00bb3.0.105&Prime; social_network=\u00a0\u00bbgoogle-plus\u00a0\u00bb skype_action=\u00a0\u00bbcall\u00a0\u00bb background_color=\u00a0\u00bb#dd4b39&Prime; use_background_color_gradient=\u00a0\u00bboff\u00a0\u00bb background_color_gradient_start=\u00a0\u00bb#2b87da\u00a0\u00bb background_color_gradient_end=\u00a0\u00bb#29c4a9&Prime; background_color_gradient_type=\u00a0\u00bblinear\u00a0\u00bb background_color_gradient_direction=\u00a0\u00bb180deg\u00a0\u00bb background_color_gradient_direction_radial=\u00a0\u00bbcenter\u00a0\u00bb background_color_gradient_start_position=\u00a0\u00bb0%\u00a0\u00bb background_color_gradient_end_position=\u00a0\u00bb100%\u00a0\u00bb background_color_gradient_overlays_image=\u00a0\u00bboff\u00a0\u00bb parallax=\u00a0\u00bboff\u00a0\u00bb parallax_method=\u00a0\u00bbon\u00a0\u00bb background_size=\u00a0\u00bbcover\u00a0\u00bb background_position=\u00a0\u00bbcenter\u00a0\u00bb background_repeat=\u00a0\u00bbno-repeat\u00a0\u00bb background_blend=\u00a0\u00bbnormal\u00a0\u00bb allow_player_pause=\u00a0\u00bboff\u00a0\u00bb background_video_pause_outside_viewport=\u00a0\u00bbon\u00a0\u00bb box_shadow_style=\u00a0\u00bbnone\u00a0\u00bb] Google+ [\/et_pb_social_media_follow_network][\/et_pb_social_media_follow][\/et_pb_column][\/et_pb_row][\/et_pb_section]<\/p>\n","protected":false},"excerpt":{"rendered":"<p><div class=\"et_pb_row et_pb_row_0 et_pb_row_empty\">\n\t\t\t\t\n\t\t\t\t\n\t\t\t\t\n\t\t\t\t\n\t\t\t\t\n\t\t\t<\/div> MENTIONS L\u00c9GALES Confidentialit\u00e9 ruisseau virginie n&rsquo;enregistre pas d&rsquo;informations personnelles permettant l&rsquo;identification, \u00e0 l&rsquo;exception des formulaires que l&rsquo;utilisateur est libre de remplir. Ces informations ne seront pas utilis\u00e9es sans votre accord, nous les utiliserons seulement pour vous adresser des courriers, des brochures, des devis ou vous contacter. Les informations recueillies sur les sites b\u00e9n\u00e9ficient de [&hellip;]<\/p>\n","protected":false},"author":2,"featured_media":0,"parent":0,"menu_order":0,"comment_status":"closed","ping_status":"closed","template":"","meta":{"_et_pb_use_builder":"on","_et_pb_old_content":"","_et_gb_content_width":"","footnotes":""},"class_list":["post-128","page","type-page","status-publish","hentry"],"yoast_head":"<!-- This site is optimized with the Yoast SEO plugin v27.4 - https:\/\/yoast.com\/product\/yoast-seo-wordpress\/ -->\n<title>mentions l\u00e9gales - virginie r\u00e9pare<\/title>\n<meta name=\"robots\" content=\"index, follow, max-snippet:-1, max-image-preview:large, max-video-preview:-1\" \/>\n<link rel=\"canonical\" href=\"https:\/\/www.virginie-repare.fr\/index.php\/mentions-legales\/\" \/>\n<meta property=\"og:locale\" content=\"fr_FR\" \/>\n<meta property=\"og:type\" content=\"article\" \/>\n<meta property=\"og:title\" content=\"mentions l\u00e9gales - virginie r\u00e9pare\" \/>\n<meta property=\"og:description\" content=\"MENTIONS L\u00c9GALES Confidentialit\u00e9 ruisseau virginie n&#039;enregistre pas d&#039;informations personnelles permettant l&#039;identification, \u00e0 l&#039;exception des formulaires que l&#039;utilisateur est libre de remplir. Ces informations ne seront pas utilis\u00e9es sans votre accord, nous les utiliserons seulement pour vous adresser des courriers, des brochures, des devis ou vous contacter. Les informations recueillies sur les sites b\u00e9n\u00e9ficient de [&hellip;]\" \/>\n<meta property=\"og:url\" content=\"https:\/\/www.virginie-repare.fr\/index.php\/mentions-legales\/\" \/>\n<meta property=\"og:site_name\" content=\"virginie r\u00e9pare\" \/>\n<meta property=\"article:publisher\" content=\"https:\/\/www.facebook.com\/virginierepare\" \/>\n<meta property=\"article:modified_time\" content=\"2018-03-12T12:48:56+00:00\" \/>\n<meta name=\"twitter:card\" content=\"summary_large_image\" \/>\n<meta name=\"twitter:label1\" content=\"Dur\u00e9e de lecture estim\u00e9e\" \/>\n\t<meta name=\"twitter:data1\" content=\"3 minutes\" \/>\n<script type=\"application\/ld+json\" class=\"yoast-schema-graph\">{\"@context\":\"https:\\\/\\\/schema.org\",\"@graph\":[{\"@type\":\"WebPage\",\"@id\":\"https:\\\/\\\/www.virginie-repare.fr\\\/index.php\\\/mentions-legales\\\/\",\"url\":\"https:\\\/\\\/www.virginie-repare.fr\\\/index.php\\\/mentions-legales\\\/\",\"name\":\"mentions l\u00e9gales - virginie r\u00e9pare\",\"isPartOf\":{\"@id\":\"https:\\\/\\\/www.virginie-repare.fr\\\/#website\"},\"datePublished\":\"2018-03-12T10:04:31+00:00\",\"dateModified\":\"2018-03-12T12:48:56+00:00\",\"breadcrumb\":{\"@id\":\"https:\\\/\\\/www.virginie-repare.fr\\\/index.php\\\/mentions-legales\\\/#breadcrumb\"},\"inLanguage\":\"fr-FR\",\"potentialAction\":[{\"@type\":\"ReadAction\",\"target\":[\"https:\\\/\\\/www.virginie-repare.fr\\\/index.php\\\/mentions-legales\\\/\"]}]},{\"@type\":\"BreadcrumbList\",\"@id\":\"https:\\\/\\\/www.virginie-repare.fr\\\/index.php\\\/mentions-legales\\\/#breadcrumb\",\"itemListElement\":[{\"@type\":\"ListItem\",\"position\":1,\"name\":\"Accueil\",\"item\":\"https:\\\/\\\/www.virginie-repare.fr\\\/\"},{\"@type\":\"ListItem\",\"position\":2,\"name\":\"mentions l\u00e9gales\"}]},{\"@type\":\"WebSite\",\"@id\":\"https:\\\/\\\/www.virginie-repare.fr\\\/#website\",\"url\":\"https:\\\/\\\/www.virginie-repare.fr\\\/\",\"name\":\"vruisseau\",\"description\":\"ne jeter plus , faite r\u00e9parer\",\"publisher\":{\"@id\":\"https:\\\/\\\/www.virginie-repare.fr\\\/#organization\"},\"potentialAction\":[{\"@type\":\"SearchAction\",\"target\":{\"@type\":\"EntryPoint\",\"urlTemplate\":\"https:\\\/\\\/www.virginie-repare.fr\\\/?s={search_term_string}\"},\"query-input\":{\"@type\":\"PropertyValueSpecification\",\"valueRequired\":true,\"valueName\":\"search_term_string\"}}],\"inLanguage\":\"fr-FR\"},{\"@type\":\"Organization\",\"@id\":\"https:\\\/\\\/www.virginie-repare.fr\\\/#organization\",\"name\":\"virginie r\u00e9pare\",\"url\":\"https:\\\/\\\/www.virginie-repare.fr\\\/\",\"logo\":{\"@type\":\"ImageObject\",\"inLanguage\":\"fr-FR\",\"@id\":\"https:\\\/\\\/www.virginie-repare.fr\\\/#\\\/schema\\\/logo\\\/image\\\/\",\"url\":\"https:\\\/\\\/www.virginie-repare.fr\\\/wp-content\\\/uploads\\\/2018\\\/03\\\/logo-virginirepare.png\",\"contentUrl\":\"https:\\\/\\\/www.virginie-repare.fr\\\/wp-content\\\/uploads\\\/2018\\\/03\\\/logo-virginirepare.png\",\"width\":1628,\"height\":1080,\"caption\":\"virginie r\u00e9pare\"},\"image\":{\"@id\":\"https:\\\/\\\/www.virginie-repare.fr\\\/#\\\/schema\\\/logo\\\/image\\\/\"},\"sameAs\":[\"https:\\\/\\\/www.facebook.com\\\/virginierepare\"]}]}<\/script>\n<!-- \/ Yoast SEO plugin. -->","yoast_head_json":{"title":"mentions l\u00e9gales - virginie r\u00e9pare","robots":{"index":"index","follow":"follow","max-snippet":"max-snippet:-1","max-image-preview":"max-image-preview:large","max-video-preview":"max-video-preview:-1"},"canonical":"https:\/\/www.virginie-repare.fr\/index.php\/mentions-legales\/","og_locale":"fr_FR","og_type":"article","og_title":"mentions l\u00e9gales - virginie r\u00e9pare","og_description":"MENTIONS L\u00c9GALES Confidentialit\u00e9 ruisseau virginie n'enregistre pas d'informations personnelles permettant l'identification, \u00e0 l'exception des formulaires que l'utilisateur est libre de remplir. Ces informations ne seront pas utilis\u00e9es sans votre accord, nous les utiliserons seulement pour vous adresser des courriers, des brochures, des devis ou vous contacter. Les informations recueillies sur les sites b\u00e9n\u00e9ficient de [&hellip;]","og_url":"https:\/\/www.virginie-repare.fr\/index.php\/mentions-legales\/","og_site_name":"virginie r\u00e9pare","article_publisher":"https:\/\/www.facebook.com\/virginierepare","article_modified_time":"2018-03-12T12:48:56+00:00","twitter_card":"summary_large_image","twitter_misc":{"Dur\u00e9e de lecture estim\u00e9e":"3 minutes"},"schema":{"@context":"https:\/\/schema.org","@graph":[{"@type":"WebPage","@id":"https:\/\/www.virginie-repare.fr\/index.php\/mentions-legales\/","url":"https:\/\/www.virginie-repare.fr\/index.php\/mentions-legales\/","name":"mentions l\u00e9gales - virginie r\u00e9pare","isPartOf":{"@id":"https:\/\/www.virginie-repare.fr\/#website"},"datePublished":"2018-03-12T10:04:31+00:00","dateModified":"2018-03-12T12:48:56+00:00","breadcrumb":{"@id":"https:\/\/www.virginie-repare.fr\/index.php\/mentions-legales\/#breadcrumb"},"inLanguage":"fr-FR","potentialAction":[{"@type":"ReadAction","target":["https:\/\/www.virginie-repare.fr\/index.php\/mentions-legales\/"]}]},{"@type":"BreadcrumbList","@id":"https:\/\/www.virginie-repare.fr\/index.php\/mentions-legales\/#breadcrumb","itemListElement":[{"@type":"ListItem","position":1,"name":"Accueil","item":"https:\/\/www.virginie-repare.fr\/"},{"@type":"ListItem","position":2,"name":"mentions l\u00e9gales"}]},{"@type":"WebSite","@id":"https:\/\/www.virginie-repare.fr\/#website","url":"https:\/\/www.virginie-repare.fr\/","name":"vruisseau","description":"ne jeter plus , faite r\u00e9parer","publisher":{"@id":"https:\/\/www.virginie-repare.fr\/#organization"},"potentialAction":[{"@type":"SearchAction","target":{"@type":"EntryPoint","urlTemplate":"https:\/\/www.virginie-repare.fr\/?s={search_term_string}"},"query-input":{"@type":"PropertyValueSpecification","valueRequired":true,"valueName":"search_term_string"}}],"inLanguage":"fr-FR"},{"@type":"Organization","@id":"https:\/\/www.virginie-repare.fr\/#organization","name":"virginie r\u00e9pare","url":"https:\/\/www.virginie-repare.fr\/","logo":{"@type":"ImageObject","inLanguage":"fr-FR","@id":"https:\/\/www.virginie-repare.fr\/#\/schema\/logo\/image\/","url":"https:\/\/www.virginie-repare.fr\/wp-content\/uploads\/2018\/03\/logo-virginirepare.png","contentUrl":"https:\/\/www.virginie-repare.fr\/wp-content\/uploads\/2018\/03\/logo-virginirepare.png","width":1628,"height":1080,"caption":"virginie r\u00e9pare"},"image":{"@id":"https:\/\/www.virginie-repare.fr\/#\/schema\/logo\/image\/"},"sameAs":["https:\/\/www.facebook.com\/virginierepare"]}]}},"_links":{"self":[{"href":"https:\/\/www.virginie-repare.fr\/index.php\/wp-json\/wp\/v2\/pages\/128","targetHints":{"allow":["GET"]}}],"collection":[{"href":"https:\/\/www.virginie-repare.fr\/index.php\/wp-json\/wp\/v2\/pages"}],"about":[{"href":"https:\/\/www.virginie-repare.fr\/index.php\/wp-json\/wp\/v2\/types\/page"}],"author":[{"embeddable":true,"href":"https:\/\/www.virginie-repare.fr\/index.php\/wp-json\/wp\/v2\/users\/2"}],"replies":[{"embeddable":true,"href":"https:\/\/www.virginie-repare.fr\/index.php\/wp-json\/wp\/v2\/comments?post=128"}],"version-history":[{"count":4,"href":"https:\/\/www.virginie-repare.fr\/index.php\/wp-json\/wp\/v2\/pages\/128\/revisions"}],"predecessor-version":[{"id":159,"href":"https:\/\/www.virginie-repare.fr\/index.php\/wp-json\/wp\/v2\/pages\/128\/revisions\/159"}],"wp:attachment":[{"href":"https:\/\/www.virginie-repare.fr\/index.php\/wp-json\/wp\/v2\/media?parent=128"}],"curies":[{"name":"wp","href":"https:\/\/api.w.org\/{rel}","templated":true}]}}