{"id":209,"date":"2018-04-02T19:51:53","date_gmt":"2018-04-02T17:51:53","guid":{"rendered":"http:\/\/www.virginie-repare.fr\/?page_id=209"},"modified":"2018-04-03T11:33:02","modified_gmt":"2018-04-03T09:33:02","slug":"cgv","status":"publish","type":"page","link":"https:\/\/www.virginie-repare.fr\/index.php\/cgv\/","title":{"rendered":"CGV"},"content":{"rendered":"<p>[et_pb_section bb_built=\u00a0\u00bb1&Prime; next_background_color=\u00a0\u00bbrgba(57,219,216,0.39)\u00a0\u00bb][et_pb_row][et_pb_column type=\u00a0\u00bb4_4&Prime;][et_pb_text _builder_version=\u00a0\u00bb3.0.105&Prime; background_layout=\u00a0\u00bblight\u00a0\u00bb]<\/p>\n<p><u>\u00a0<\/u><\/p>\n<p><u>Article 1 \u2013 Dispositions g\u00e9n\u00e9rales<\/u><\/p>\n<p>Les pr\u00e9sentes Conditions G\u00e9n\u00e9rales s\u2019appliquent de plein droit \u00e0 toutes interventions de la soci\u00e9t\u00e9 \u00ab Virginie R\u00e9pare \u00bb, qui propose ses prestations par l\u2019interm\u00e9diaire de son atelier au 6 rue des lilas 62138 Haisnes.<\/p>\n<p>Les services sont propos\u00e9s au client, sous r\u00e9serve de son acceptation des pr\u00e9sentes Conditions G\u00e9n\u00e9rales. Le client d\u00e9clare et reconna\u00eet, en cons\u00e9quence, avoir lu les pr\u00e9sentes Conditions G\u00e9n\u00e9rales. Le seul fait de faire appel \u00e0 Virginie r\u00e9pare entra\u00eene l&rsquo;acceptation pure et simple de ces Conditions G\u00e9n\u00e9rales.<\/p>\n<p>La demande d\u2019intervention engage les parties suivantes : le client qui b\u00e9n\u00e9ficiera de la prestation et Virginie r\u00e9pare prestataire de l\u2019intervention, dont l\u2019\u00e9tablissement se situe au 6 rue des lilas 62138 Haisnes qui est le point de d\u00e9p\u00f4t et l\u2019atelier de r\u00e9paration de votre mat\u00e9riel.<\/p>\n<p>Le client peut demander une ou plusieurs interventions par diff\u00e9rents moyens : par t\u00e9l\u00e9phone, par mail en compl\u00e9tant le formulaire sur le site \u00ab www.virginie-repare.fr \u00bb et en l\u2019envoyant \u00e0 l\u2019adresse \u00ab virginierepare@orange.fr \u00bb ou par Facebook. L\u2019ensemble des coordonn\u00e9es de virginie r\u00e9pare est disponible sur ce site Internet.<\/p>\n<p>Ces pr\u00e9sentes Conditions G\u00e9n\u00e9rales, les tarifs ainsi que les prestations propos\u00e9es peuvent \u00eatre modifi\u00e9s \u00e0 tout moment. Seule la derni\u00e8re version de ces informations est disponible sur le site www.virginie-repare.fr.<\/p>\n<p><u>Article 2 \u2013 Conditions d\u2019intervention<\/u><\/p>\n<p>Virgnie R\u00e9pare s\u2019engage \u00e0 intervenir sur les appareils de t\u00e9l\u00e9communications, informatiques et consoles , t\u00e9l\u00e9viseur et \u00e9lectronique divers suite \u00e0 une demande d\u2019intervention par l\u2019utilisateur. Sur cette derni\u00e8re seront indiqu\u00e9s le type de mat\u00e9riel, la marque et le num\u00e9ro de s\u00e9rie, un premier diagnostic de panne ainsi que la solution propos\u00e9e.<\/p>\n<p>Pour les interventions \u00e0 domicile (au bureau) et dans le cas o\u00f9 l&rsquo;intervention n\u00e9cessite des tests suppl\u00e9mentaires afin de d\u00e9terminer l&rsquo;origine exacte de la panne, Virginie R\u00e9pare proposera au client d&#8217;emporter son mat\u00e9riel pour r\u00e9paration dans son atelier (situ\u00e9 au 6 rue des lilas 62138 Haisnes).<\/p>\n<p>Virginie R\u00e9pare fournit les prestations dans le cadre d&rsquo;une obligation de moyens. Virginie R\u00e9pare s\u2019engage \u00e0 mettre toutes ses ressources en \u0153uvre pour l\u2019ex\u00e9cution des prestations. Cependant, Virginie R\u00e9pare n\u2019est tenue, au titre de l\u2019ex\u00e9cution des prestations, que d\u2019une obligation de moyen et non de r\u00e9sultat.<\/p>\n<p><u>Article 3 \u2013 Type d\u2019intervention<\/u><\/p>\n<p>Virginie R\u00e9pare s\u2019engage \u00e0 intervenir suite \u00e0 une demande du client pour les prestations suivantes :<\/p>\n<p>R\u00e9paration de t\u00e9l\u00e9phone portable, PC, consoles de jeux, tablette, lecteur mp3\/4, t\u00e9l\u00e9viseur &#8230;etc.<\/p>\n<p>D\u00e9pannage mat\u00e9riel et logiciel chez le client au centre-ville de Haisnes et ses environs, dans ses locaux, ou \u00e0 distance.<\/p>\n<p>Installation et configuration de logiciel et de mat\u00e9riel.<\/p>\n<p>Vente de mat\u00e9riel d\u2019occasion et \/ou d\u2019accessoires chez le client ou en atelier.<\/p>\n<p><u>Article 4 \u2013 Paiement de l\u2019intervention ou produit<\/u><\/p>\n<p>La somme due pour la prestation est exigible le jour m\u00eame du d\u00e9placement ou de l&rsquo;intervention \u00e0 la remise du mat\u00e9riel. Le prix d\u00e9pend du type d\u2019intervention effectu\u00e9e.<\/p>\n<p>La somme sera per\u00e7ue au comptant soit en esp\u00e8ce, soit par ch\u00e8que \u00e0 l\u2019ordre de Virginie Ruisseau.<\/p>\n<p><u>Article 5 \u2013 Tarifs<\/u><\/p>\n<p>Les tarifs des prestations s\u2019entendent en Euro pour les particuliers et pour les professionnels la TVA est non applicable, art 293 B du CGI. Les tarifs sont communiqu\u00e9s au client lors du d\u00e9p\u00f4t du mat\u00e9riel et de la signature du bon de commande en magasin ou par devis valid\u00e9 d\u2019un commun accord entre le client et Virginie r\u00e9pare. Les tarifs des prestations effectu\u00e9es sur<\/p>\n<p>&nbsp;<\/p>\n<p>Le lieu de r\u00e9sidence du client ou le local d\u2019une entreprise donne lieu \u00e0 une facturation minimale d\u2019une heure et ce quel que soit l\u2019objet de la prestation.<\/p>\n<p><u>Article 6 \u2013 Garantie \u2013 Responsabilit\u00e9<\/u><\/p>\n<table>\n<tbody>\n<tr>\n<td width=\"153\">Type d\u2019appareil<\/td>\n<td width=\"153\">Type de r\u00e9paration<\/td>\n<td width=\"154\">Dur\u00e9e de garantie<\/td>\n<td width=\"154\">Rejet garantie<\/td>\n<\/tr>\n<tr>\n<td width=\"153\">Smartphone, tablette, ordinateur<\/td>\n<td width=\"153\">Remplacement vitre tactile et\/ou \u00e9cran LCD<\/td>\n<td width=\"154\">1 an<\/td>\n<td width=\"154\">Oxydation, casse, mauvaise utilisation<\/td>\n<\/tr>\n<tr>\n<td width=\"153\">Smartphone, tablette, ordinateur<\/td>\n<td width=\"153\">R\u00e9paration connecteur de charge et\/ou carte m\u00e8re<\/td>\n<td width=\"154\">3 mois pour m\u00eame panne<\/td>\n<td width=\"154\">Oxydation, casse ou mauvaise utilisation<\/td>\n<\/tr>\n<tr>\n<td width=\"153\">T\u00e9l\u00e9viseur, hifi<\/td>\n<td width=\"153\">Toutes r\u00e9parations<\/td>\n<td width=\"154\">3 mois pour m\u00eame panne<\/td>\n<td width=\"154\">Mauvaise utilisation<\/td>\n<\/tr>\n<tr>\n<td width=\"153\">PEM<\/td>\n<td width=\"153\">Toutes r\u00e9parations<\/td>\n<td width=\"154\">3 mois pour m\u00eame panne<\/td>\n<td width=\"154\">Calcaire, mauvaise utilisation<\/td>\n<\/tr>\n<\/tbody>\n<\/table>\n<p>&nbsp;<\/p>\n<p>Virginie R\u00e9pare ne peut \u00eatre tenue responsable de dommages r\u00e9sultants de causes ext\u00e9rieures \u00e0 l\u2019appareil (d\u00e9g\u00e2ts des eaux, envoi postal, &#8230;), d\u2019un emploi, d\u2019une installation ou d\u2019un branchement non conformes aux sp\u00e9cifications et aux prescriptions du constructeur, d\u2019une utilisation nuisible \u00e0 la bonne conservation de l\u2019appareil, d\u2019une utilisation de p\u00e9riph\u00e9riques ou d\u2019accessoires non adapt\u00e9s,&#8230;<\/p>\n<p>Virginie R\u00e9pare ne peut \u00eatre tenue responsable de la destruction de fichiers et de logiciels cons\u00e9cutifs \u00e0 des pannes ou \u00e0 des dommages occasionn\u00e9s par l\u2019utilisation de logiciels acquis par des moyens ill\u00e9gaux. Le client reste responsable des donn\u00e9es pr\u00e9sentes sur ses \u00e9quipements. En cons\u00e9quence, le client prendra toutes les pr\u00e9cautions d&rsquo;usage afin d&rsquo;assurer les sauvegardes de ses donn\u00e9es personnelles. La responsabilit\u00e9 de Virginie R\u00e9pare, en cas de pertes totales ou partielles de donn\u00e9es de quelque sorte que ce soit, ne peut \u00eatre engag\u00e9e.<\/p>\n<p><u>Article 7 \u2013 Restrictions<\/u><\/p>\n<p>Virginie R\u00e9pare ne pourra assurer ses prestations, si l\u2019environnement physique des \u00e9quipements est non conforme aux prescriptions du constructeur et\/ou distributeur et\/ou fournisseur et\/ou aux r\u00e8gles de s\u00e9curit\u00e9; si les \u00e9quipements ont fait \u00e9tat d\u2019une manipulation anormale (volontaire ou non) ayant modifi\u00e9 leurs environnements physiques; en cas d\u2019\u00e9v\u00e9nement accidentel, de force majeure ou d\u2019une cause exon\u00e9ratoire limitant partiellement ou totalement l\u2019acc\u00e8s des \u00e9quipements pour lesquels le client a express\u00e9ment demand\u00e9 une prestation \u00e0 Virginie R\u00e9pare notamment si les \u00e9quipements sont inaccessibles pour quelque raison que ce soit, que les conditions d\u2019alimentation \u00e9lectrique, t\u00e9l\u00e9phonique ou autres sont d\u00e9fectueuses ou s\u2019il est impossible d\u2019acc\u00e9der au\/dans le lieu de r\u00e9sidence du client. Pour ces raisons et conform\u00e9ment \u00e0 l\u2019Article 5 Virginie R\u00e9pare facturera une heure d\u2019intervention pour couvrir les frais de d\u00e9placement.<\/p>\n<p><u>Article 8 &#8211; Clause de parfaite information<\/u><\/p>\n<p>Le client d\u00e9clare express\u00e9ment avoir re\u00e7u de Virginie R\u00e9pare toutes les informations et conseils n\u00e9cessaires \u00e0 la jouissance de l&rsquo;objet de sa commande et renonce \u00e0 rechercher sa responsabilit\u00e9 de ce fait.<\/p>\n<p><u>Article 9 \u2013 Confidentialit\u00e9<\/u><\/p>\n<p>Virginie R\u00e9pare ne divulgue aucune information concernant le client et ne permet pas \u00e0 des tiers de conna\u00eetre directement ou indirectement le d\u00e9tail des interrogations effectu\u00e9es par le client et d&rsquo;une mani\u00e8re g\u00e9n\u00e9rale aucune donn\u00e9e confidentielle au sens de la loi informatique et libert\u00e9. Conform\u00e9ment \u00e0 la loi 78-17 du 6 Janvier 1978, le client dispose \u00e0 tout moment d&rsquo;un droit d&rsquo;acc\u00e8s et de rectification. Pour exercer ce droit il suffit de prendre contact avec Virginie R\u00e9pare.<\/p>\n<p>[\/et_pb_text][\/et_pb_column][\/et_pb_row][\/et_pb_section][et_pb_section bb_built=\u00a0\u00bb1&Prime; background_color=\u00a0\u00bbrgba(57,219,216,0.39)\u00a0\u00bb _builder_version=\u00a0\u00bb3.0.105&Prime; custom_padding=\u00a0\u00bb0px|0px|0px|0px\u00a0\u00bb prev_background_color=\u00a0\u00bb#ffffff\u00a0\u00bb][et_pb_row _builder_version=\u00a0\u00bb3.0.47&Prime; background_size=\u00a0\u00bbinitial\u00a0\u00bb background_position=\u00a0\u00bbtop_left\u00a0\u00bb background_repeat=\u00a0\u00bbrepeat\u00a0\u00bb][et_pb_column type=\u00a0\u00bb1_3&Prime;][et_pb_text admin_label=\u00a0\u00bbcoordonn\u00e9es vr\u00a0\u00bb _builder_version=\u00a0\u00bb3.0.105&Prime; global_module=\u00a0\u00bb174&Prime; saved_tabs=\u00a0\u00bball\u00a0\u00bb]<\/p>\n<p><span style=\"font-size: 18pt;\">Virginie R\u00e9pare<\/span><\/p>\n<p><span style=\"font-size: 18pt;\">6 rue des lilas<\/span><\/p>\n<p><span style=\"font-size: 18pt;\">62138 Haisnes<\/span><\/p>\n<p><span style=\"font-size: 18pt;\">Tel : 06 81 03 29 40<\/span><\/p>\n<p>[\/et_pb_text][\/et_pb_column][et_pb_column type=\u00a0\u00bb1_3&Prime;][et_pb_image admin_label=\u00a0\u00bbcaptain repair\u00a0\u00bb src=\u00a0\u00bbhttps:\/\/www.virginie-repare.fr\/wp-content\/uploads\/2018\/04\/11843.c9265b16.796x.jpg\u00a0\u00bb url=\u00a0\u00bbhttps:\/\/www.captain-repair.com\/captains\/LLTGSYIOTW\/\u00a0\u00bb align=\u00a0\u00bbcenter\u00a0\u00bb force_fullwidth=\u00a0\u00bbon\u00a0\u00bb _builder_version=\u00a0\u00bb3.0.105&Prime; global_module=\u00a0\u00bb176&Prime; saved_tabs=\u00a0\u00bball\u00a0\u00bb]<\/p>\n<p>&nbsp;<\/p>\n<p>[\/et_pb_image][\/et_pb_column][et_pb_column type=\u00a0\u00bb1_3&Prime;][et_pb_social_media_follow follow_button=\u00a0\u00bbon\u00a0\u00bb _builder_version=\u00a0\u00bb3.0.105&Prime; text_orientation=\u00a0\u00bbright\u00a0\u00bb text_shadow_style=\u00a0\u00bbpreset1&Prime; global_module=\u00a0\u00bb177&Prime; saved_tabs=\u00a0\u00bball\u00a0\u00bb][et_pb_social_media_follow_network social_network=\u00a0\u00bbfacebook\u00a0\u00bb url=\u00a0\u00bbhttps:\/\/www.facebook.com\/virginierepare\u00a0\u00bb _builder_version=\u00a0\u00bb3.0.105&Prime; background_color=\u00a0\u00bb#3b5998&Prime; follow_button=\u00a0\u00bbon\u00a0\u00bb url_new_window=\u00a0\u00bbon\u00a0\u00bb] Facebook [\/et_pb_social_media_follow_network][et_pb_social_media_follow_network social_network=\u00a0\u00bbgoogle-plus\u00a0\u00bb url=\u00a0\u00bbhttps:\/\/goo.gl\/b2eEWL\u00a0\u00bb _builder_version=\u00a0\u00bb3.0.105&Prime; background_color=\u00a0\u00bb#dd4b39&Prime; follow_button=\u00a0\u00bbon\u00a0\u00bb url_new_window=\u00a0\u00bbon\u00a0\u00bb] Google+ [\/et_pb_social_media_follow_network][\/et_pb_social_media_follow][\/et_pb_column][\/et_pb_row][\/et_pb_section]<\/p>\n","protected":false},"excerpt":{"rendered":"<p><div class=\"et_pb_row et_pb_row_0 et_pb_row_empty\">\n\t\t\t\t\n\t\t\t\t\n\t\t\t\t\n\t\t\t\t\n\t\t\t\t\n\t\t\t<\/div> \u00a0 Article 1 \u2013 Dispositions g\u00e9n\u00e9rales Les pr\u00e9sentes Conditions G\u00e9n\u00e9rales s\u2019appliquent de plein droit \u00e0 toutes interventions de la soci\u00e9t\u00e9 \u00ab Virginie R\u00e9pare \u00bb, qui propose ses prestations par l\u2019interm\u00e9diaire de son atelier au 6 rue des lilas 62138 Haisnes. Les services sont propos\u00e9s au client, sous r\u00e9serve de son acceptation des pr\u00e9sentes Conditions [&hellip;]<\/p>\n","protected":false},"author":2,"featured_media":0,"parent":0,"menu_order":0,"comment_status":"closed","ping_status":"closed","template":"","meta":{"_et_pb_use_builder":"on","_et_pb_old_content":"","_et_gb_content_width":"","footnotes":""},"class_list":["post-209","page","type-page","status-publish","hentry"],"yoast_head":"<!-- This site is optimized with the Yoast SEO plugin v27.5 - https:\/\/yoast.com\/product\/yoast-seo-wordpress\/ -->\n<title>CGV - virginie r\u00e9pare<\/title>\n<meta name=\"robots\" content=\"index, follow, max-snippet:-1, max-image-preview:large, max-video-preview:-1\" \/>\n<link rel=\"canonical\" href=\"https:\/\/www.virginie-repare.fr\/index.php\/cgv\/\" \/>\n<meta property=\"og:locale\" content=\"fr_FR\" \/>\n<meta property=\"og:type\" content=\"article\" \/>\n<meta property=\"og:title\" content=\"CGV - virginie r\u00e9pare\" \/>\n<meta property=\"og:description\" content=\"\u00a0 Article 1 \u2013 Dispositions g\u00e9n\u00e9rales Les pr\u00e9sentes Conditions G\u00e9n\u00e9rales s\u2019appliquent de plein droit \u00e0 toutes interventions de la soci\u00e9t\u00e9 \u00ab Virginie R\u00e9pare \u00bb, qui propose ses prestations par l\u2019interm\u00e9diaire de son atelier au 6 rue des lilas 62138 Haisnes. Les services sont propos\u00e9s au client, sous r\u00e9serve de son acceptation des pr\u00e9sentes Conditions [&hellip;]\" \/>\n<meta property=\"og:url\" content=\"https:\/\/www.virginie-repare.fr\/index.php\/cgv\/\" \/>\n<meta property=\"og:site_name\" content=\"virginie r\u00e9pare\" \/>\n<meta property=\"article:publisher\" content=\"https:\/\/www.facebook.com\/virginierepare\" \/>\n<meta property=\"article:modified_time\" content=\"2018-04-03T09:33:02+00:00\" \/>\n<meta name=\"twitter:card\" content=\"summary_large_image\" \/>\n<meta name=\"twitter:label1\" content=\"Dur\u00e9e de lecture estim\u00e9e\" \/>\n\t<meta name=\"twitter:data1\" content=\"7 minutes\" \/>\n<script type=\"application\/ld+json\" class=\"yoast-schema-graph\">{\"@context\":\"https:\\\/\\\/schema.org\",\"@graph\":[{\"@type\":\"WebPage\",\"@id\":\"https:\\\/\\\/www.virginie-repare.fr\\\/index.php\\\/cgv\\\/\",\"url\":\"https:\\\/\\\/www.virginie-repare.fr\\\/index.php\\\/cgv\\\/\",\"name\":\"CGV - virginie r\u00e9pare\",\"isPartOf\":{\"@id\":\"https:\\\/\\\/www.virginie-repare.fr\\\/#website\"},\"datePublished\":\"2018-04-02T17:51:53+00:00\",\"dateModified\":\"2018-04-03T09:33:02+00:00\",\"breadcrumb\":{\"@id\":\"https:\\\/\\\/www.virginie-repare.fr\\\/index.php\\\/cgv\\\/#breadcrumb\"},\"inLanguage\":\"fr-FR\",\"potentialAction\":[{\"@type\":\"ReadAction\",\"target\":[\"https:\\\/\\\/www.virginie-repare.fr\\\/index.php\\\/cgv\\\/\"]}]},{\"@type\":\"BreadcrumbList\",\"@id\":\"https:\\\/\\\/www.virginie-repare.fr\\\/index.php\\\/cgv\\\/#breadcrumb\",\"itemListElement\":[{\"@type\":\"ListItem\",\"position\":1,\"name\":\"Accueil\",\"item\":\"https:\\\/\\\/www.virginie-repare.fr\\\/\"},{\"@type\":\"ListItem\",\"position\":2,\"name\":\"CGV\"}]},{\"@type\":\"WebSite\",\"@id\":\"https:\\\/\\\/www.virginie-repare.fr\\\/#website\",\"url\":\"https:\\\/\\\/www.virginie-repare.fr\\\/\",\"name\":\"vruisseau\",\"description\":\"ne jeter plus , faite r\u00e9parer\",\"publisher\":{\"@id\":\"https:\\\/\\\/www.virginie-repare.fr\\\/#organization\"},\"potentialAction\":[{\"@type\":\"SearchAction\",\"target\":{\"@type\":\"EntryPoint\",\"urlTemplate\":\"https:\\\/\\\/www.virginie-repare.fr\\\/?s={search_term_string}\"},\"query-input\":{\"@type\":\"PropertyValueSpecification\",\"valueRequired\":true,\"valueName\":\"search_term_string\"}}],\"inLanguage\":\"fr-FR\"},{\"@type\":\"Organization\",\"@id\":\"https:\\\/\\\/www.virginie-repare.fr\\\/#organization\",\"name\":\"virginie r\u00e9pare\",\"url\":\"https:\\\/\\\/www.virginie-repare.fr\\\/\",\"logo\":{\"@type\":\"ImageObject\",\"inLanguage\":\"fr-FR\",\"@id\":\"https:\\\/\\\/www.virginie-repare.fr\\\/#\\\/schema\\\/logo\\\/image\\\/\",\"url\":\"https:\\\/\\\/www.virginie-repare.fr\\\/wp-content\\\/uploads\\\/2018\\\/03\\\/logo-virginirepare.png\",\"contentUrl\":\"https:\\\/\\\/www.virginie-repare.fr\\\/wp-content\\\/uploads\\\/2018\\\/03\\\/logo-virginirepare.png\",\"width\":1628,\"height\":1080,\"caption\":\"virginie r\u00e9pare\"},\"image\":{\"@id\":\"https:\\\/\\\/www.virginie-repare.fr\\\/#\\\/schema\\\/logo\\\/image\\\/\"},\"sameAs\":[\"https:\\\/\\\/www.facebook.com\\\/virginierepare\"]}]}<\/script>\n<!-- \/ Yoast SEO plugin. -->","yoast_head_json":{"title":"CGV - virginie r\u00e9pare","robots":{"index":"index","follow":"follow","max-snippet":"max-snippet:-1","max-image-preview":"max-image-preview:large","max-video-preview":"max-video-preview:-1"},"canonical":"https:\/\/www.virginie-repare.fr\/index.php\/cgv\/","og_locale":"fr_FR","og_type":"article","og_title":"CGV - virginie r\u00e9pare","og_description":"\u00a0 Article 1 \u2013 Dispositions g\u00e9n\u00e9rales Les pr\u00e9sentes Conditions G\u00e9n\u00e9rales s\u2019appliquent de plein droit \u00e0 toutes interventions de la soci\u00e9t\u00e9 \u00ab Virginie R\u00e9pare \u00bb, qui propose ses prestations par l\u2019interm\u00e9diaire de son atelier au 6 rue des lilas 62138 Haisnes. Les services sont propos\u00e9s au client, sous r\u00e9serve de son acceptation des pr\u00e9sentes Conditions [&hellip;]","og_url":"https:\/\/www.virginie-repare.fr\/index.php\/cgv\/","og_site_name":"virginie r\u00e9pare","article_publisher":"https:\/\/www.facebook.com\/virginierepare","article_modified_time":"2018-04-03T09:33:02+00:00","twitter_card":"summary_large_image","twitter_misc":{"Dur\u00e9e de lecture estim\u00e9e":"7 minutes"},"schema":{"@context":"https:\/\/schema.org","@graph":[{"@type":"WebPage","@id":"https:\/\/www.virginie-repare.fr\/index.php\/cgv\/","url":"https:\/\/www.virginie-repare.fr\/index.php\/cgv\/","name":"CGV - virginie r\u00e9pare","isPartOf":{"@id":"https:\/\/www.virginie-repare.fr\/#website"},"datePublished":"2018-04-02T17:51:53+00:00","dateModified":"2018-04-03T09:33:02+00:00","breadcrumb":{"@id":"https:\/\/www.virginie-repare.fr\/index.php\/cgv\/#breadcrumb"},"inLanguage":"fr-FR","potentialAction":[{"@type":"ReadAction","target":["https:\/\/www.virginie-repare.fr\/index.php\/cgv\/"]}]},{"@type":"BreadcrumbList","@id":"https:\/\/www.virginie-repare.fr\/index.php\/cgv\/#breadcrumb","itemListElement":[{"@type":"ListItem","position":1,"name":"Accueil","item":"https:\/\/www.virginie-repare.fr\/"},{"@type":"ListItem","position":2,"name":"CGV"}]},{"@type":"WebSite","@id":"https:\/\/www.virginie-repare.fr\/#website","url":"https:\/\/www.virginie-repare.fr\/","name":"vruisseau","description":"ne jeter plus , faite r\u00e9parer","publisher":{"@id":"https:\/\/www.virginie-repare.fr\/#organization"},"potentialAction":[{"@type":"SearchAction","target":{"@type":"EntryPoint","urlTemplate":"https:\/\/www.virginie-repare.fr\/?s={search_term_string}"},"query-input":{"@type":"PropertyValueSpecification","valueRequired":true,"valueName":"search_term_string"}}],"inLanguage":"fr-FR"},{"@type":"Organization","@id":"https:\/\/www.virginie-repare.fr\/#organization","name":"virginie r\u00e9pare","url":"https:\/\/www.virginie-repare.fr\/","logo":{"@type":"ImageObject","inLanguage":"fr-FR","@id":"https:\/\/www.virginie-repare.fr\/#\/schema\/logo\/image\/","url":"https:\/\/www.virginie-repare.fr\/wp-content\/uploads\/2018\/03\/logo-virginirepare.png","contentUrl":"https:\/\/www.virginie-repare.fr\/wp-content\/uploads\/2018\/03\/logo-virginirepare.png","width":1628,"height":1080,"caption":"virginie r\u00e9pare"},"image":{"@id":"https:\/\/www.virginie-repare.fr\/#\/schema\/logo\/image\/"},"sameAs":["https:\/\/www.facebook.com\/virginierepare"]}]}},"_links":{"self":[{"href":"https:\/\/www.virginie-repare.fr\/index.php\/wp-json\/wp\/v2\/pages\/209","targetHints":{"allow":["GET"]}}],"collection":[{"href":"https:\/\/www.virginie-repare.fr\/index.php\/wp-json\/wp\/v2\/pages"}],"about":[{"href":"https:\/\/www.virginie-repare.fr\/index.php\/wp-json\/wp\/v2\/types\/page"}],"author":[{"embeddable":true,"href":"https:\/\/www.virginie-repare.fr\/index.php\/wp-json\/wp\/v2\/users\/2"}],"replies":[{"embeddable":true,"href":"https:\/\/www.virginie-repare.fr\/index.php\/wp-json\/wp\/v2\/comments?post=209"}],"version-history":[{"count":3,"href":"https:\/\/www.virginie-repare.fr\/index.php\/wp-json\/wp\/v2\/pages\/209\/revisions"}],"predecessor-version":[{"id":279,"href":"https:\/\/www.virginie-repare.fr\/index.php\/wp-json\/wp\/v2\/pages\/209\/revisions\/279"}],"wp:attachment":[{"href":"https:\/\/www.virginie-repare.fr\/index.php\/wp-json\/wp\/v2\/media?parent=209"}],"curies":[{"name":"wp","href":"https:\/\/api.w.org\/{rel}","templated":true}]}}