{"id":67,"date":"2018-03-12T11:02:37","date_gmt":"2018-03-12T10:02:37","guid":{"rendered":"http:\/\/www.virginie-repare.fr\/?page_id=67"},"modified":"2024-01-22T11:55:24","modified_gmt":"2024-01-22T10:55:24","slug":"informatique","status":"publish","type":"page","link":"https:\/\/www.virginie-repare.fr\/index.php\/informatique\/","title":{"rendered":"Informatique"},"content":{"rendered":"<p>[et_pb_section fb_built=\u00a0\u00bb1&Prime; _builder_version=\u00a0\u00bb4.16&Prime; background_color=\u00a0\u00bbrgba(0,0,0,0.39)\u00a0\u00bb custom_padding=\u00a0\u00bb22px|0px|5px|0px\u00a0\u00bb global_colors_info=\u00a0\u00bb{}\u00a0\u00bb][et_pb_row _builder_version=\u00a0\u00bb4.16&Prime; custom_padding=\u00a0\u00bb3px|0px|0px|0px\u00a0\u00bb global_colors_info=\u00a0\u00bb{}\u00a0\u00bb][et_pb_column type=\u00a0\u00bb4_4&Prime; _builder_version=\u00a0\u00bb4.16&Prime; custom_padding=\u00a0\u00bb|||\u00a0\u00bb global_colors_info=\u00a0\u00bb{}\u00a0\u00bb custom_padding__hover=\u00a0\u00bb|||\u00a0\u00bb][et_pb_text admin_label=\u00a0\u00bbTitre ordinateur\u00a0\u00bb _builder_version=\u00a0\u00bb4.16&Prime; global_colors_info=\u00a0\u00bb{}\u00a0\u00bb]<\/p>\n<h1 style=\"text-align: center;\"><span style=\"color: #0000ff;\">R\u00c9PARATION D&rsquo;ORDINATEURS<\/span><\/h1>\n<p>&nbsp;<\/p>\n<h3 style=\"text-align: center;\"><span style=\"color: #000000;\">Vous b\u00e9n\u00e9ficierez d&rsquo;un accompagnement personnalis\u00e9<\/span><\/h3>\n<h3 style=\"text-align: center;\"><span style=\"color: #000000;\">afin de tirer le meilleur parti de votre \u00e9quipement.<\/span><\/h3>\n<p>[\/et_pb_text][\/et_pb_column][\/et_pb_row][\/et_pb_section][et_pb_section fb_built=\u00a0\u00bb1&Prime; _builder_version=\u00a0\u00bb4.16&Prime; background_color=\u00a0\u00bbrgba(0,0,0,0.39)\u00a0\u00bb custom_padding=\u00a0\u00bb0px|0px|0px|0px\u00a0\u00bb global_colors_info=\u00a0\u00bb{}\u00a0\u00bb][et_pb_row column_structure=\u00a0\u00bb1_3,1_3,1_3&Prime; _builder_version=\u00a0\u00bb4.16&Prime; background_size=\u00a0\u00bbinitial\u00a0\u00bb background_position=\u00a0\u00bbtop_left\u00a0\u00bb background_repeat=\u00a0\u00bbrepeat\u00a0\u00bb global_colors_info=\u00a0\u00bb{}\u00a0\u00bb][et_pb_column type=\u00a0\u00bb1_3&Prime; _builder_version=\u00a0\u00bb4.16&Prime; custom_padding=\u00a0\u00bb|||\u00a0\u00bb global_colors_info=\u00a0\u00bb{}\u00a0\u00bb custom_padding__hover=\u00a0\u00bb|||\u00a0\u00bb][et_pb_image src=\u00a0\u00bbhttps:\/\/www.virginie-repare.fr\/wp-content\/uploads\/2018\/03\/carte-mere1.jpg\u00a0\u00bb align_tablet=\u00a0\u00bbcenter\u00a0\u00bb align_phone=\u00a0\u00bb\u00a0\u00bb align_last_edited=\u00a0\u00bbon|desktop\u00a0\u00bb admin_label=\u00a0\u00bbmontage carte m\u00e9re\u00a0\u00bb _builder_version=\u00a0\u00bb4.16&Prime; global_colors_info=\u00a0\u00bb{}\u00a0\u00bb][\/et_pb_image][\/et_pb_column][et_pb_column type=\u00a0\u00bb1_3&Prime; _builder_version=\u00a0\u00bb4.16&Prime; custom_padding=\u00a0\u00bb|||\u00a0\u00bb global_colors_info=\u00a0\u00bb{}\u00a0\u00bb custom_padding__hover=\u00a0\u00bb|||\u00a0\u00bb][et_pb_image src=\u00a0\u00bbhttps:\/\/www.virginie-repare.fr\/wp-content\/uploads\/2018\/03\/ecran-bleu.jpg\u00a0\u00bb align_tablet=\u00a0\u00bbcenter\u00a0\u00bb align_phone=\u00a0\u00bb\u00a0\u00bb align_last_edited=\u00a0\u00bbon|desktop\u00a0\u00bb admin_label=\u00a0\u00bbecran bleu\u00a0\u00bb _builder_version=\u00a0\u00bb4.16&Prime; global_colors_info=\u00a0\u00bb{}\u00a0\u00bb][\/et_pb_image][\/et_pb_column][et_pb_column type=\u00a0\u00bb1_3&Prime; _builder_version=\u00a0\u00bb4.16&Prime; custom_padding=\u00a0\u00bb|||\u00a0\u00bb global_colors_info=\u00a0\u00bb{}\u00a0\u00bb custom_padding__hover=\u00a0\u00bb|||\u00a0\u00bb][et_pb_image src=\u00a0\u00bbhttps:\/\/www.virginie-repare.fr\/wp-content\/uploads\/2018\/03\/interieur-ordinateur-fixe.jpg\u00a0\u00bb align_tablet=\u00a0\u00bbcenter\u00a0\u00bb align_phone=\u00a0\u00bb\u00a0\u00bb align_last_edited=\u00a0\u00bbon|desktop\u00a0\u00bb admin_label=\u00a0\u00bbinterieur ordinateur fixe\u00a0\u00bb _builder_version=\u00a0\u00bb4.16&Prime; global_colors_info=\u00a0\u00bb{}\u00a0\u00bb][\/et_pb_image][\/et_pb_column][\/et_pb_row][\/et_pb_section][et_pb_section fb_built=\u00a0\u00bb1&Prime; _builder_version=\u00a0\u00bb4.16&Prime; custom_padding=\u00a0\u00bb0px|0px|54px|0px\u00a0\u00bb global_colors_info=\u00a0\u00bb{}\u00a0\u00bb][et_pb_row column_structure=\u00a0\u00bb1_2,1_2&Prime; _builder_version=\u00a0\u00bb4.16&Prime; background_size=\u00a0\u00bbinitial\u00a0\u00bb background_position=\u00a0\u00bbtop_left\u00a0\u00bb background_repeat=\u00a0\u00bbrepeat\u00a0\u00bb global_colors_info=\u00a0\u00bb{}\u00a0\u00bb][et_pb_column type=\u00a0\u00bb1_2&Prime; _builder_version=\u00a0\u00bb4.16&Prime; custom_padding=\u00a0\u00bb|||\u00a0\u00bb global_colors_info=\u00a0\u00bb{}\u00a0\u00bb custom_padding__hover=\u00a0\u00bb|||\u00a0\u00bb][et_pb_text admin_label=\u00a0\u00bbblabla pc\u00a0\u00bb _builder_version=\u00a0\u00bb4.16&Prime; inline_fonts=\u00a0\u00bbAbhaya Libre\u00a0\u00bb global_colors_info=\u00a0\u00bb{}\u00a0\u00bb]<\/p>\n<div class=\"large-12 columns\"><\/div>\n<div id=\"col_COLUMN_KJREDL1YJ5\" class=\"large-12 columns\">\n<div id=\"text_BLOCK_U0CE9T5YM0\" class=\"block-text\">\n<p>&nbsp;<\/p>\n<p style=\"text-align: center;\"><strong>V\u00e9ritable \u00ab\u00a0chirurgien\u00a0\u00bb de votre ordinateur (fixe ou portable), je suis \u00e0 votre disposition pour vous aider quelque soit votre probl\u00e9matique:<\/strong><\/p>\n<\/div>\n<\/div>\n<div id=\"col_COLUMN_69C5UTOM7E\" class=\"large-12 columns\">\n<div id=\"text_BLOCK_V5XNOGATVQ\" class=\"block-text\">\n<p style=\"text-align: center;\">Votre ordinateur est tr\u00e8s lent, des pages publicitaires s&rsquo;ouvre \u00e0 tout bout de champs ou il chauffe et se coupe, vos p\u00e9riph\u00e9rique imprimante scanner ou autre ne fonctionne plus avec l\u2019ordinateur .<\/p>\n<p style=\"text-align: center;\"><span style=\"font-size: large; font-family: inherit; font-weight: normal;\">Votre mat\u00e9riel a besoin de moi n&rsquo;attendez plus <a href=\"https:\/\/www.virginie-repare.fr\/index.php\/contact\/\">appeler moi<\/a>.<\/span><\/p>\n<p style=\"text-align: center;\"><span style=\"font-size: large; font-family: inherit; font-weight: normal; color: #0c71c3;\"><strong>06 81 03 29 40<\/strong><\/span><\/p>\n<\/div>\n<\/div>\n<p>[\/et_pb_text][\/et_pb_column][et_pb_column type=\u00a0\u00bb1_2&Prime; _builder_version=\u00a0\u00bb4.16&Prime; custom_padding=\u00a0\u00bb|||\u00a0\u00bb global_colors_info=\u00a0\u00bb{}\u00a0\u00bb custom_padding__hover=\u00a0\u00bb|||\u00a0\u00bb][et_pb_text admin_label=\u00a0\u00bbdetail prestation info\u00a0\u00bb _builder_version=\u00a0\u00bb4.16&Prime; global_colors_info=\u00a0\u00bb{}\u00a0\u00bb]<\/p>\n<div id=\"col_COLUMN_0K8RNFV2NX\" class=\"large-10 columns\">\n<div id=\"text_BLOCK_RL7H538FHG\" class=\"block-text\">\n<ul>\n<li>Restauration du\u00a0syst\u00e8me d&rsquo;exploitation<\/li>\n<li>R\u00e9cup\u00e9ration de fichiers, photos , ect&#8230;<\/li>\n<li>\u00c9cran bleu<\/li>\n<li>Remplacement de pi\u00e8ces (disque dur , barrette m\u00e9moire carte graphique&#8230;etc)<\/li>\n<li>Installation et vente de logiciel<\/li>\n<li>Assemblage d\u2019ordinateur ou remise a jour mat\u00e9riel<\/li>\n<li>Ajout de nouveaux p\u00e9riph\u00e9riques (scanner, imprimantes,&#8230;)<\/li>\n<li>Cour personnalis\u00e9 d&rsquo;informatique.<\/li>\n<\/ul>\n<\/div>\n<\/div>\n<div id=\"col_COLUMN_R7I32Q9VLL\" class=\"large-14 columns\">\n<div id=\"text_BLOCK_3UFHJABXQ0\" class=\"block-text\"><\/div>\n<\/div>\n<p>[\/et_pb_text][\/et_pb_column][\/et_pb_row][et_pb_row column_structure=\u00a0\u00bb1_2,1_2&Prime; _builder_version=\u00a0\u00bb4.16&Prime; background_size=\u00a0\u00bbinitial\u00a0\u00bb background_position=\u00a0\u00bbtop_left\u00a0\u00bb background_repeat=\u00a0\u00bbrepeat\u00a0\u00bb global_colors_info=\u00a0\u00bb{}\u00a0\u00bb][et_pb_column type=\u00a0\u00bb1_2&Prime; _builder_version=\u00a0\u00bb4.16&Prime; custom_padding=\u00a0\u00bb|||\u00a0\u00bb global_colors_info=\u00a0\u00bb{}\u00a0\u00bb custom_padding__hover=\u00a0\u00bb|||\u00a0\u00bb][et_pb_text admin_label=\u00a0\u00bbprix pc\u00a0\u00bb _builder_version=\u00a0\u00bb4.16&Prime; global_colors_info=\u00a0\u00bb{}\u00a0\u00bb]<\/p>\n<p><span style=\"font-size: medium;\">Quelques exemples de prix :\u00a0<\/span><\/p>\n<ul>\n<li><span style=\"font-size: medium;\">Devis de r\u00e9paration 10\u20ac<\/span><\/li>\n<li><span style=\"font-size: medium;\">Restauration syst\u00e8me 60\u20ac<\/span><\/li>\n<li><span style=\"font-size: medium;\">R\u00e9cup\u00e9ration de fichiers \u00e0 partir de 25\u20ac jusqu\u2019\u00e0 100Go<\/span><\/li>\n<\/ul>\n<p>[\/et_pb_text][\/et_pb_column][et_pb_column type=\u00a0\u00bb1_2&Prime; _builder_version=\u00a0\u00bb4.16&Prime; custom_padding=\u00a0\u00bb|||\u00a0\u00bb global_colors_info=\u00a0\u00bb{}\u00a0\u00bb custom_padding__hover=\u00a0\u00bb|||\u00a0\u00bb][et_pb_text admin_label=\u00a0\u00bbprix pc\u00a0\u00bb _builder_version=\u00a0\u00bb4.18.0&Prime; global_colors_info=\u00a0\u00bb{}\u00a0\u00bb]<\/p>\n<ul>\n<li><span style=\"font-size: medium;\">Nettoyage logiciel 50\u20ac<\/span><\/li>\n<li><span style=\"font-size: medium;\">Nettoyage des ventilateurs 40\u20ac<\/span><\/li>\n<li><span style=\"font-size: medium;\">Cour d&rsquo;informatique 30\u20ac par heure<\/span><\/li>\n<\/ul>\n<p>[\/et_pb_text][\/et_pb_column][\/et_pb_row][\/et_pb_section][et_pb_section fb_built=\u00a0\u00bb1&Prime; _builder_version=\u00a0\u00bb4.16&Prime; global_colors_info=\u00a0\u00bb{}\u00a0\u00bb][et_pb_row _builder_version=\u00a0\u00bb4.16&Prime; background_size=\u00a0\u00bbinitial\u00a0\u00bb background_position=\u00a0\u00bbtop_left\u00a0\u00bb background_repeat=\u00a0\u00bbrepeat\u00a0\u00bb global_colors_info=\u00a0\u00bb{}\u00a0\u00bb][et_pb_column type=\u00a0\u00bb4_4&Prime; _builder_version=\u00a0\u00bb4.16&Prime; custom_padding=\u00a0\u00bb|||\u00a0\u00bb global_colors_info=\u00a0\u00bb{}\u00a0\u00bb custom_padding__hover=\u00a0\u00bb|||\u00a0\u00bb][et_pb_image src=\u00a0\u00bbhttps:\/\/www.virginie-repare.fr\/wp-content\/uploads\/2018\/04\/IBM.png\u00a0\u00bb align=\u00a0\u00bbcenter\u00a0\u00bb align_tablet=\u00a0\u00bbcenter\u00a0\u00bb align_phone=\u00a0\u00bb\u00a0\u00bb align_last_edited=\u00a0\u00bbon|desktop\u00a0\u00bb _builder_version=\u00a0\u00bb4.16&Prime; global_colors_info=\u00a0\u00bb{}\u00a0\u00bb][\/et_pb_image][et_pb_image src=\u00a0\u00bbhttps:\/\/www.virginie-repare.fr\/wp-content\/uploads\/2018\/04\/marques-2.png\u00a0\u00bb align=\u00a0\u00bbcenter\u00a0\u00bb align_tablet=\u00a0\u00bbcenter\u00a0\u00bb align_phone=\u00a0\u00bb\u00a0\u00bb align_last_edited=\u00a0\u00bbon|desktop\u00a0\u00bb _builder_version=\u00a0\u00bb4.16&Prime; global_colors_info=\u00a0\u00bb{}\u00a0\u00bb][\/et_pb_image][et_pb_image src=\u00a0\u00bbhttps:\/\/www.virginie-repare.fr\/wp-content\/uploads\/2018\/04\/marques-3.png\u00a0\u00bb align=\u00a0\u00bbcenter\u00a0\u00bb align_tablet=\u00a0\u00bbcenter\u00a0\u00bb align_phone=\u00a0\u00bb\u00a0\u00bb align_last_edited=\u00a0\u00bbon|desktop\u00a0\u00bb _builder_version=\u00a0\u00bb4.16&Prime; global_colors_info=\u00a0\u00bb{}\u00a0\u00bb][\/et_pb_image][\/et_pb_column][\/et_pb_row][\/et_pb_section][et_pb_section fb_built=\u00a0\u00bb1&Prime; _builder_version=\u00a0\u00bb4.16&Prime; background_color=\u00a0\u00bbrgba(0,0,0,0.39)\u00a0\u00bb global_colors_info=\u00a0\u00bb{}\u00a0\u00bb][et_pb_row column_structure=\u00a0\u00bb1_3,1_3,1_3&Prime; _builder_version=\u00a0\u00bb4.16&Prime; global_colors_info=\u00a0\u00bb{}\u00a0\u00bb][et_pb_column type=\u00a0\u00bb1_3&Prime; _builder_version=\u00a0\u00bb4.16&Prime; custom_padding=\u00a0\u00bb|||\u00a0\u00bb global_colors_info=\u00a0\u00bb{}\u00a0\u00bb custom_padding__hover=\u00a0\u00bb|||\u00a0\u00bb][et_pb_text admin_label=\u00a0\u00bbcoordonn\u00e9es vr\u00a0\u00bb _builder_version=\u00a0\u00bb3.2.2&Prime; max_width=\u00a0\u00bb100%\u00a0\u00bb global_module=\u00a0\u00bb174&Prime; saved_tabs=\u00a0\u00bball\u00a0\u00bb global_colors_info=\u00a0\u00bb{}\u00a0\u00bb]<\/p>\n<p><span style=\"font-size: 18pt; color: #0000ff;\"><\/span><\/p>\n<p><span style=\"font-size: 18pt; color: #0000ff;\"><\/span><\/p>\n<p><span style=\"font-size: 18pt; color: #0000ff;\">Virginie R\u00e9pare<\/span><\/p>\n<p><span style=\"font-size: 18pt; color: #0000ff;\">6 rue des lilas<\/span><\/p>\n<p><span style=\"font-size: 18pt; color: #0000ff;\">62138 Haisnes<\/span><\/p>\n<p><span style=\"font-size: 18pt; color: #0000ff;\">Tel : 06 81 03 29 40<\/span><\/p>\n<p>[\/et_pb_text][\/et_pb_column][et_pb_column type=\u00a0\u00bb1_3&Prime; _builder_version=\u00a0\u00bb4.16&Prime; custom_padding=\u00a0\u00bb|||\u00a0\u00bb global_colors_info=\u00a0\u00bb{}\u00a0\u00bb custom_padding__hover=\u00a0\u00bb|||\u00a0\u00bb][et_pb_image src=\u00a0\u00bbhttps:\/\/www.virginie-repare.fr\/wp-content\/uploads\/2024\/01\/QualiRepar-Noir-CMJN.jpg\u00a0\u00bb title_text=\u00a0\u00bbQualiRepar Noir CMJN\u00a0\u00bb url=\u00a0\u00bbhttps:\/\/www.captain-repair.com\/captains\/LLTGSYIOTW\/\u00a0\u00bb align=\u00a0\u00bbcenter\u00a0\u00bb force_fullwidth=\u00a0\u00bbon\u00a0\u00bb align_tablet=\u00a0\u00bbcenter\u00a0\u00bb align_phone=\u00a0\u00bb\u00a0\u00bb align_last_edited=\u00a0\u00bbon|desktop\u00a0\u00bb admin_label=\u00a0\u00bbcaptain repair\u00a0\u00bb _builder_version=\u00a0\u00bb4.24.0&Prime; always_center_on_mobile=\u00a0\u00bbon\u00a0\u00bb global_module=\u00a0\u00bb176&Prime; saved_tabs=\u00a0\u00bball\u00a0\u00bb global_colors_info=\u00a0\u00bb{}\u00a0\u00bb][\/et_pb_image][\/et_pb_column][et_pb_column type=\u00a0\u00bb1_3&Prime; _builder_version=\u00a0\u00bb4.16&Prime; custom_padding=\u00a0\u00bb|||\u00a0\u00bb global_colors_info=\u00a0\u00bb{}\u00a0\u00bb custom_padding__hover=\u00a0\u00bb|||\u00a0\u00bb][et_pb_social_media_follow _builder_version=\u00a0\u00bb4.24.0&Prime; background_color=\u00a0\u00bbRGBA(0,0,0,0)\u00a0\u00bb text_orientation=\u00a0\u00bbright\u00a0\u00bb max_width=\u00a0\u00bb100%\u00a0\u00bb custom_margin=\u00a0\u00bb|||\u00a0\u00bb border_radii=\u00a0\u00bb|10px|10px|10px|10px\u00a0\u00bb text_shadow_style=\u00a0\u00bbpreset1&Prime; text_shadow_blur_strength=\u00a0\u00bb0.41em\u00a0\u00bb text_shadow_color=\u00a0\u00bbrgba(12,113,195,0.4)\u00a0\u00bb global_module=\u00a0\u00bb177&Prime; saved_tabs=\u00a0\u00bball\u00a0\u00bb global_colors_info=\u00a0\u00bb{}\u00a0\u00bb][et_pb_social_media_follow_network social_network=\u00a0\u00bbfacebook\u00a0\u00bb url=\u00a0\u00bbhttps:\/\/www.facebook.com\/virginierepare\u00a0\u00bb _builder_version=\u00a0\u00bb4.16&Prime; background_color=\u00a0\u00bb#3b5998&Prime; global_colors_info=\u00a0\u00bb{}\u00a0\u00bb follow_button=\u00a0\u00bboff\u00a0\u00bb url_new_window=\u00a0\u00bbon\u00a0\u00bb]<\/p>\n<p>Facebook<\/p>\n<p>[\/et_pb_social_media_follow_network][et_pb_social_media_follow_network social_network=\u00a0\u00bbgoogle-plus\u00a0\u00bb url=\u00a0\u00bb\/\/plus.google.com\/u\/0\/109628167258120186430?prsrc=3&Prime; _builder_version=\u00a0\u00bb4.16&Prime; background_color=\u00a0\u00bb#dd4b39&Prime; custom_button=\u00a0\u00bbon\u00a0\u00bb button_text_shadow_style=\u00a0\u00bbpreset1&Prime; global_colors_info=\u00a0\u00bb{}\u00a0\u00bb follow_button=\u00a0\u00bboff\u00a0\u00bb url_new_window=\u00a0\u00bbon\u00a0\u00bb]google-plus[\/et_pb_social_media_follow_network][\/et_pb_social_media_follow][\/et_pb_column][\/et_pb_row][\/et_pb_section]<\/p>\n","protected":false},"excerpt":{"rendered":"<p>R\u00c9PARATION D&rsquo;ORDINATEURS &nbsp; Vous b\u00e9n\u00e9ficierez d&rsquo;un accompagnement personnalis\u00e9 afin de tirer le meilleur parti de votre \u00e9quipement. &nbsp; V\u00e9ritable \u00ab\u00a0chirurgien\u00a0\u00bb de votre ordinateur (fixe ou portable), je suis \u00e0 votre disposition pour vous aider quelque soit votre probl\u00e9matique: Votre ordinateur est tr\u00e8s lent, des pages publicitaires s&rsquo;ouvre \u00e0 tout bout de champs ou il chauffe [&hellip;]<\/p>\n","protected":false},"author":2,"featured_media":0,"parent":0,"menu_order":0,"comment_status":"closed","ping_status":"closed","template":"","meta":{"_et_pb_use_builder":"on","_et_pb_old_content":"","_et_gb_content_width":"","footnotes":""},"class_list":["post-67","page","type-page","status-publish","hentry"],"yoast_head":"<!-- This site is optimized with the Yoast SEO plugin v27.5 - https:\/\/yoast.com\/product\/yoast-seo-wordpress\/ -->\n<title>r\u00e9paration ordinateur<\/title>\n<meta name=\"description\" content=\"R\u00c9PARATION D&#039;ORDINATEURS Vous b\u00e9n\u00e9ficierez d&#039;un accompagnement personnalis\u00e9 afin de tirer le meilleur parti de votre \u00e9quipement. V\u00e9ritable &quot;chirurgien&quot; de votre ordinateur (fixe ou portable), je suis \u00e0 votre disposition pour vous aider quelque soit votre probl\u00e9matique.\" \/>\n<meta name=\"robots\" content=\"index, follow, max-snippet:-1, max-image-preview:large, max-video-preview:-1\" \/>\n<link rel=\"canonical\" href=\"https:\/\/www.virginie-repare.fr\/index.php\/informatique\/\" \/>\n<meta property=\"og:locale\" content=\"fr_FR\" \/>\n<meta property=\"og:type\" content=\"article\" \/>\n<meta property=\"og:title\" content=\"r\u00e9paration ordinateur\" \/>\n<meta property=\"og:description\" content=\"R\u00c9PARATION D&#039;ORDINATEURS Vous b\u00e9n\u00e9ficierez d&#039;un accompagnement personnalis\u00e9 afin de tirer le meilleur parti de votre \u00e9quipement. V\u00e9ritable &quot;chirurgien&quot; de votre ordinateur (fixe ou portable), je suis \u00e0 votre disposition pour vous aider quelque soit votre probl\u00e9matique.\" \/>\n<meta property=\"og:url\" content=\"https:\/\/www.virginie-repare.fr\/index.php\/informatique\/\" \/>\n<meta property=\"og:site_name\" content=\"virginie r\u00e9pare\" \/>\n<meta property=\"article:publisher\" content=\"https:\/\/www.facebook.com\/virginierepare\" \/>\n<meta property=\"article:modified_time\" content=\"2024-01-22T10:55:24+00:00\" \/>\n<meta name=\"twitter:card\" content=\"summary_large_image\" \/>\n<meta name=\"twitter:label1\" content=\"Dur\u00e9e de lecture estim\u00e9e\" \/>\n\t<meta name=\"twitter:data1\" content=\"5 minutes\" \/>\n<script type=\"application\/ld+json\" class=\"yoast-schema-graph\">{\"@context\":\"https:\\\/\\\/schema.org\",\"@graph\":[{\"@type\":\"WebPage\",\"@id\":\"https:\\\/\\\/www.virginie-repare.fr\\\/index.php\\\/informatique\\\/\",\"url\":\"https:\\\/\\\/www.virginie-repare.fr\\\/index.php\\\/informatique\\\/\",\"name\":\"r\u00e9paration ordinateur\",\"isPartOf\":{\"@id\":\"https:\\\/\\\/www.virginie-repare.fr\\\/#website\"},\"datePublished\":\"2018-03-12T10:02:37+00:00\",\"dateModified\":\"2024-01-22T10:55:24+00:00\",\"description\":\"R\u00c9PARATION D'ORDINATEURS Vous b\u00e9n\u00e9ficierez d'un accompagnement personnalis\u00e9 afin de tirer le meilleur parti de votre \u00e9quipement. V\u00e9ritable \\\"chirurgien\\\" de votre ordinateur (fixe ou portable), je suis \u00e0 votre disposition pour vous aider quelque soit votre probl\u00e9matique.\",\"breadcrumb\":{\"@id\":\"https:\\\/\\\/www.virginie-repare.fr\\\/index.php\\\/informatique\\\/#breadcrumb\"},\"inLanguage\":\"fr-FR\",\"potentialAction\":[{\"@type\":\"ReadAction\",\"target\":[\"https:\\\/\\\/www.virginie-repare.fr\\\/index.php\\\/informatique\\\/\"]}]},{\"@type\":\"BreadcrumbList\",\"@id\":\"https:\\\/\\\/www.virginie-repare.fr\\\/index.php\\\/informatique\\\/#breadcrumb\",\"itemListElement\":[{\"@type\":\"ListItem\",\"position\":1,\"name\":\"Accueil\",\"item\":\"https:\\\/\\\/www.virginie-repare.fr\\\/\"},{\"@type\":\"ListItem\",\"position\":2,\"name\":\"Informatique\"}]},{\"@type\":\"WebSite\",\"@id\":\"https:\\\/\\\/www.virginie-repare.fr\\\/#website\",\"url\":\"https:\\\/\\\/www.virginie-repare.fr\\\/\",\"name\":\"vruisseau\",\"description\":\"ne jeter plus , faite r\u00e9parer\",\"publisher\":{\"@id\":\"https:\\\/\\\/www.virginie-repare.fr\\\/#organization\"},\"potentialAction\":[{\"@type\":\"SearchAction\",\"target\":{\"@type\":\"EntryPoint\",\"urlTemplate\":\"https:\\\/\\\/www.virginie-repare.fr\\\/?s={search_term_string}\"},\"query-input\":{\"@type\":\"PropertyValueSpecification\",\"valueRequired\":true,\"valueName\":\"search_term_string\"}}],\"inLanguage\":\"fr-FR\"},{\"@type\":\"Organization\",\"@id\":\"https:\\\/\\\/www.virginie-repare.fr\\\/#organization\",\"name\":\"virginie r\u00e9pare\",\"url\":\"https:\\\/\\\/www.virginie-repare.fr\\\/\",\"logo\":{\"@type\":\"ImageObject\",\"inLanguage\":\"fr-FR\",\"@id\":\"https:\\\/\\\/www.virginie-repare.fr\\\/#\\\/schema\\\/logo\\\/image\\\/\",\"url\":\"https:\\\/\\\/www.virginie-repare.fr\\\/wp-content\\\/uploads\\\/2018\\\/03\\\/logo-virginirepare.png\",\"contentUrl\":\"https:\\\/\\\/www.virginie-repare.fr\\\/wp-content\\\/uploads\\\/2018\\\/03\\\/logo-virginirepare.png\",\"width\":1628,\"height\":1080,\"caption\":\"virginie r\u00e9pare\"},\"image\":{\"@id\":\"https:\\\/\\\/www.virginie-repare.fr\\\/#\\\/schema\\\/logo\\\/image\\\/\"},\"sameAs\":[\"https:\\\/\\\/www.facebook.com\\\/virginierepare\"]}]}<\/script>\n<!-- \/ Yoast SEO plugin. -->","yoast_head_json":{"title":"r\u00e9paration ordinateur","description":"R\u00c9PARATION D'ORDINATEURS Vous b\u00e9n\u00e9ficierez d'un accompagnement personnalis\u00e9 afin de tirer le meilleur parti de votre \u00e9quipement. V\u00e9ritable \"chirurgien\" de votre ordinateur (fixe ou portable), je suis \u00e0 votre disposition pour vous aider quelque soit votre probl\u00e9matique.","robots":{"index":"index","follow":"follow","max-snippet":"max-snippet:-1","max-image-preview":"max-image-preview:large","max-video-preview":"max-video-preview:-1"},"canonical":"https:\/\/www.virginie-repare.fr\/index.php\/informatique\/","og_locale":"fr_FR","og_type":"article","og_title":"r\u00e9paration ordinateur","og_description":"R\u00c9PARATION D'ORDINATEURS Vous b\u00e9n\u00e9ficierez d'un accompagnement personnalis\u00e9 afin de tirer le meilleur parti de votre \u00e9quipement. V\u00e9ritable \"chirurgien\" de votre ordinateur (fixe ou portable), je suis \u00e0 votre disposition pour vous aider quelque soit votre probl\u00e9matique.","og_url":"https:\/\/www.virginie-repare.fr\/index.php\/informatique\/","og_site_name":"virginie r\u00e9pare","article_publisher":"https:\/\/www.facebook.com\/virginierepare","article_modified_time":"2024-01-22T10:55:24+00:00","twitter_card":"summary_large_image","twitter_misc":{"Dur\u00e9e de lecture estim\u00e9e":"5 minutes"},"schema":{"@context":"https:\/\/schema.org","@graph":[{"@type":"WebPage","@id":"https:\/\/www.virginie-repare.fr\/index.php\/informatique\/","url":"https:\/\/www.virginie-repare.fr\/index.php\/informatique\/","name":"r\u00e9paration ordinateur","isPartOf":{"@id":"https:\/\/www.virginie-repare.fr\/#website"},"datePublished":"2018-03-12T10:02:37+00:00","dateModified":"2024-01-22T10:55:24+00:00","description":"R\u00c9PARATION D'ORDINATEURS Vous b\u00e9n\u00e9ficierez d'un accompagnement personnalis\u00e9 afin de tirer le meilleur parti de votre \u00e9quipement. V\u00e9ritable \"chirurgien\" de votre ordinateur (fixe ou portable), je suis \u00e0 votre disposition pour vous aider quelque soit votre probl\u00e9matique.","breadcrumb":{"@id":"https:\/\/www.virginie-repare.fr\/index.php\/informatique\/#breadcrumb"},"inLanguage":"fr-FR","potentialAction":[{"@type":"ReadAction","target":["https:\/\/www.virginie-repare.fr\/index.php\/informatique\/"]}]},{"@type":"BreadcrumbList","@id":"https:\/\/www.virginie-repare.fr\/index.php\/informatique\/#breadcrumb","itemListElement":[{"@type":"ListItem","position":1,"name":"Accueil","item":"https:\/\/www.virginie-repare.fr\/"},{"@type":"ListItem","position":2,"name":"Informatique"}]},{"@type":"WebSite","@id":"https:\/\/www.virginie-repare.fr\/#website","url":"https:\/\/www.virginie-repare.fr\/","name":"vruisseau","description":"ne jeter plus , faite r\u00e9parer","publisher":{"@id":"https:\/\/www.virginie-repare.fr\/#organization"},"potentialAction":[{"@type":"SearchAction","target":{"@type":"EntryPoint","urlTemplate":"https:\/\/www.virginie-repare.fr\/?s={search_term_string}"},"query-input":{"@type":"PropertyValueSpecification","valueRequired":true,"valueName":"search_term_string"}}],"inLanguage":"fr-FR"},{"@type":"Organization","@id":"https:\/\/www.virginie-repare.fr\/#organization","name":"virginie r\u00e9pare","url":"https:\/\/www.virginie-repare.fr\/","logo":{"@type":"ImageObject","inLanguage":"fr-FR","@id":"https:\/\/www.virginie-repare.fr\/#\/schema\/logo\/image\/","url":"https:\/\/www.virginie-repare.fr\/wp-content\/uploads\/2018\/03\/logo-virginirepare.png","contentUrl":"https:\/\/www.virginie-repare.fr\/wp-content\/uploads\/2018\/03\/logo-virginirepare.png","width":1628,"height":1080,"caption":"virginie r\u00e9pare"},"image":{"@id":"https:\/\/www.virginie-repare.fr\/#\/schema\/logo\/image\/"},"sameAs":["https:\/\/www.facebook.com\/virginierepare"]}]}},"_links":{"self":[{"href":"https:\/\/www.virginie-repare.fr\/index.php\/wp-json\/wp\/v2\/pages\/67","targetHints":{"allow":["GET"]}}],"collection":[{"href":"https:\/\/www.virginie-repare.fr\/index.php\/wp-json\/wp\/v2\/pages"}],"about":[{"href":"https:\/\/www.virginie-repare.fr\/index.php\/wp-json\/wp\/v2\/types\/page"}],"author":[{"embeddable":true,"href":"https:\/\/www.virginie-repare.fr\/index.php\/wp-json\/wp\/v2\/users\/2"}],"replies":[{"embeddable":true,"href":"https:\/\/www.virginie-repare.fr\/index.php\/wp-json\/wp\/v2\/comments?post=67"}],"version-history":[{"count":32,"href":"https:\/\/www.virginie-repare.fr\/index.php\/wp-json\/wp\/v2\/pages\/67\/revisions"}],"predecessor-version":[{"id":755,"href":"https:\/\/www.virginie-repare.fr\/index.php\/wp-json\/wp\/v2\/pages\/67\/revisions\/755"}],"wp:attachment":[{"href":"https:\/\/www.virginie-repare.fr\/index.php\/wp-json\/wp\/v2\/media?parent=67"}],"curies":[{"name":"wp","href":"https:\/\/api.w.org\/{rel}","templated":true}]}}